{"id":2691,"date":"2025-08-19T15:14:14","date_gmt":"2025-08-19T15:14:14","guid":{"rendered":"https:\/\/www.munsch-kunststoff-schweisstechnik.de\/product\/kits-de-sabots-de-soudage-pour-max-32-65\/"},"modified":"2025-10-01T07:32:05","modified_gmt":"2025-10-01T07:32:05","slug":"kits-de-sabots-de-soudage-pour-max-32-65","status":"publish","type":"product","link":"https:\/\/www.munsch-kunststoff-schweisstechnik.de\/fr\/produit\/kits-de-sabots-de-soudage-pour-max-32-65\/","title":{"rendered":"Kits de sabots de soudage pour MAX-32-65"},"content":{"rendered":"<div class=\"wpb-content-wrapper\"><p>[vc_row][vc_column][vc_column_text uncode_shortcode_id=\u00a0\u00bb843758&Prime;]<\/p>\n<h4>Nous livrons gratuitement :<\/h4>\n<p><strong>Kit de sabots de soudage 2a (construction de r\u00e9servoirs, t=10-25mm, K07961) :<\/strong><\/p>\n<ul>\n<li>G12238 : Sabot de soudage 43.0107K-40-40-M (soudure d&rsquo;angle 10mm)<\/li>\n<li>G09909 : Sabot de soudage 43.0111K-40-40-M (soudure d&rsquo;angle 15mm)<\/li>\n<li>G08650 : Sabot de soudage 43.0114K-40-40-M (soudure d&rsquo;angle 20mm)<\/li>\n<li>G07727 : Sabot de soudage 43.0118K-60-50-M (soudure d&rsquo;angle 25mm)<\/li>\n<li>G08282 : Sabot de soudage 43.0110V-60-40-M (soudure en V 10mm)<\/li>\n<li>G08918 : Sabot de soudure 43.0115V-60-40-M (soudure en V 15mm)<\/li>\n<li>G08318 : Sabot de soudure 43.0120V-60-40-M (soudure en V 20mm)<\/li>\n<li>G07343 : Sabot de soudure 43.0125V-60-50-M (soudure en V 25mm)<\/li>\n<li>K04186 : Sabot de soudage II (sabot rond soudure d&rsquo;angle D=25mm)<\/li>\n<li>Mallette de transport<\/li>\n<\/ul>\n<p><strong>Kit de sabots de soudage 2b (construction de r\u00e9servoirs, t=25-40mm, K07962) :<\/strong><\/p>\n<ul>\n<li>G19614 : Sabot de soudage 43.0118K-40-40-M (soudure d&rsquo;angle 25mm)<\/li>\n<li>G07677 : Sabot de soudage 43.0121K-60-50-M (soudure d&rsquo;angle 30mm)<\/li>\n<li>G13663 : Sabot de soudage 43.0128K-80-65-M (soudure d&rsquo;angle 40mm)<\/li>\n<li>G08318 : Sabot de soudure 43.0120V-60-40-M (soudure en V 20mm)<\/li>\n<li>G08343 : Sabot de soudure 43.0125V-60-50-M (soudure en V 25mm)<\/li>\n<li>K04186 : Sabot de soudage II (sabot rond soudure d&rsquo;angle D=25mm)<\/li>\n<li>Mallette de transport<\/li>\n<\/ul>\n<p><strong>Kit de sabots de soudage 2c (construction de d\u00e9charges, K07963) :<\/strong><\/p>\n<ul>\n<li>G08339 : Sabot de soudure 42.0130F-40-40-M (largeur de soudure 30mm)<\/li>\n<li>K07007 : Sabot de soudage 42.0135FITB-40-40-M (largeur de couture 35mm)<\/li>\n<li>G07679 : Sabot de soudure 42.0140F-50-50-M (largeur de soudure 40mm)<\/li>\n<li>K04186 : Sabot de soudage II (sabot rond soudure d&rsquo;angle D=25mm)<\/li>\n<li>Mallette de transport<\/li>\n<\/ul>\n<p>[\/vc_column_text][\/vc_column][\/vc_row]<\/p>\n<\/div>","protected":false},"excerpt":{"rendered":"<p>Avec nos kits de sabots de soudage pour MAX-32-65, vous \u00eates parfaitement \u00e9quip\u00e9 et vous avez toujours tout \u00e0 port\u00e9e de main. Il existe 3 mod\u00e8les diff\u00e9rents, adapt\u00e9s \u00e0 votre application. <\/p>\n<ul>\n<li><strong>Toutes les chaussures de soudage adapt\u00e9es \u00e0 port\u00e9e de main<\/strong><\/li>\n<li><strong>Mallette de transport assortie avec insert de tri \u00e9tiquet\u00e9<\/strong><\/li>\n<\/ul>\n","protected":false},"featured_media":1643,"comment_status":"closed","ping_status":"closed","template":"","meta":{"_acf_changed":false,"_joinchat":[]},"product_brand":[],"product_cat":[254],"product_tag":[],"class_list":{"0":"post-2691","1":"product","2":"type-product","3":"status-publish","4":"has-post-thumbnail","6":"product_cat-accessoires","8":"first","9":"instock","10":"taxable","11":"shipping-taxable","12":"product-type-simple"},"acf":[],"_links":{"self":[{"href":"https:\/\/www.munsch-kunststoff-schweisstechnik.de\/fr\/wp-json\/wp\/v2\/product\/2691","targetHints":{"allow":["GET"]}}],"collection":[{"href":"https:\/\/www.munsch-kunststoff-schweisstechnik.de\/fr\/wp-json\/wp\/v2\/product"}],"about":[{"href":"https:\/\/www.munsch-kunststoff-schweisstechnik.de\/fr\/wp-json\/wp\/v2\/types\/product"}],"replies":[{"embeddable":true,"href":"https:\/\/www.munsch-kunststoff-schweisstechnik.de\/fr\/wp-json\/wp\/v2\/comments?post=2691"}],"wp:featuredmedia":[{"embeddable":true,"href":"https:\/\/www.munsch-kunststoff-schweisstechnik.de\/fr\/wp-json\/wp\/v2\/media\/1643"}],"wp:attachment":[{"href":"https:\/\/www.munsch-kunststoff-schweisstechnik.de\/fr\/wp-json\/wp\/v2\/media?parent=2691"}],"wp:term":[{"taxonomy":"product_brand","embeddable":true,"href":"https:\/\/www.munsch-kunststoff-schweisstechnik.de\/fr\/wp-json\/wp\/v2\/product_brand?post=2691"},{"taxonomy":"product_cat","embeddable":true,"href":"https:\/\/www.munsch-kunststoff-schweisstechnik.de\/fr\/wp-json\/wp\/v2\/product_cat?post=2691"},{"taxonomy":"product_tag","embeddable":true,"href":"https:\/\/www.munsch-kunststoff-schweisstechnik.de\/fr\/wp-json\/wp\/v2\/product_tag?post=2691"}],"curies":[{"name":"wp","href":"https:\/\/api.w.org\/{rel}","templated":true}]}}