{"id":2742,"date":"2025-06-02T16:07:30","date_gmt":"2025-06-02T16:07:30","guid":{"rendered":"https:\/\/www.munsch-kunststoff-schweisstechnik.de\/product\/gmax-420-b-d\/"},"modified":"2025-10-07T11:35:00","modified_gmt":"2025-10-07T11:35:00","slug":"gmax-420-b-d","status":"publish","type":"product","link":"https:\/\/www.munsch-kunststoff-schweisstechnik.de\/es\/producto\/gmax-420-b-d\/","title":{"rendered":"GMAX-420 B\/D"},"content":{"rendered":"<div class=\"wpb-content-wrapper\"><p>[vc_row][vc_column][vc_column_text uncode_shortcode_id=\u00bb220588&#8243;]<\/p>\n<h4>Realizamos entregas gratuitas:<\/h4>\n<ul>\n<li>1 zapata de soldadura costura de l\u00e1mina 30 mm (G08339)<\/li>\n<li>1 zapata de soldadura en blanco (G07695)<\/li>\n<li>Juego de herramientas y cuidados<\/li>\n<\/ul>\n<p>[\/vc_column_text][\/vc_column][\/vc_row]<\/p>\n<\/div>","protected":false},"excerpt":{"rendered":"<p>Nuestra peque\u00f1a extrusora de granulado Esta extrusora funciona con un potente motor de 2000 W. Con una producci\u00f3n de hasta 5 kg por hora, esta extrusora tiene una buena velocidad para soldar geomembranas. Gracias al control sincronizado del calentamiento del aire y el calentamiento de la masa, este aparato puede funcionar en la conexi\u00f3n de la casa.  <\/p>\n<ul>\n<li><strong>Soplador sin escobillas<\/strong><\/li>\n<li><strong>C\u00f3modo men\u00fa de navegaci\u00f3n con ajuste autom\u00e1tico de la temperatura<\/strong><\/li>\n<li><strong>Tres materiales preajustados, m\u00e1s espacios libres para programaci\u00f3n individual<\/strong><\/li>\n<li><strong>Soporte del aparato incluido, de instalaci\u00f3n permanente<\/strong><\/li>\n<li><strong>con pantalla \/ men\u00fa<\/strong><\/li>\n<li><strong>Temperaturas ajustables digitalmente<\/strong><\/li>\n<\/ul>\n","protected":false},"featured_media":1425,"comment_status":"closed","ping_status":"closed","template":"","meta":{"_acf_changed":false,"_joinchat":[]},"product_brand":[],"product_cat":[241],"product_tag":[],"class_list":{"0":"post-2742","1":"product","2":"type-product","3":"status-publish","4":"has-post-thumbnail","6":"product_cat-sin-categoria","7":"pa_360-schweissschuh-no","8":"pa_material-pe","9":"pa_material-pp","10":"pa_schweissanwendung-granular-soluciones","11":"pa_temperaturregelung-si","12":"pa_wanstaerke-10-40mm","14":"first","15":"instock","16":"taxable","17":"shipping-taxable","18":"product-type-simple"},"acf":[],"_links":{"self":[{"href":"https:\/\/www.munsch-kunststoff-schweisstechnik.de\/es\/wp-json\/wp\/v2\/product\/2742","targetHints":{"allow":["GET"]}}],"collection":[{"href":"https:\/\/www.munsch-kunststoff-schweisstechnik.de\/es\/wp-json\/wp\/v2\/product"}],"about":[{"href":"https:\/\/www.munsch-kunststoff-schweisstechnik.de\/es\/wp-json\/wp\/v2\/types\/product"}],"replies":[{"embeddable":true,"href":"https:\/\/www.munsch-kunststoff-schweisstechnik.de\/es\/wp-json\/wp\/v2\/comments?post=2742"}],"wp:featuredmedia":[{"embeddable":true,"href":"https:\/\/www.munsch-kunststoff-schweisstechnik.de\/es\/wp-json\/wp\/v2\/media\/1425"}],"wp:attachment":[{"href":"https:\/\/www.munsch-kunststoff-schweisstechnik.de\/es\/wp-json\/wp\/v2\/media?parent=2742"}],"wp:term":[{"taxonomy":"product_brand","embeddable":true,"href":"https:\/\/www.munsch-kunststoff-schweisstechnik.de\/es\/wp-json\/wp\/v2\/product_brand?post=2742"},{"taxonomy":"product_cat","embeddable":true,"href":"https:\/\/www.munsch-kunststoff-schweisstechnik.de\/es\/wp-json\/wp\/v2\/product_cat?post=2742"},{"taxonomy":"product_tag","embeddable":true,"href":"https:\/\/www.munsch-kunststoff-schweisstechnik.de\/es\/wp-json\/wp\/v2\/product_tag?post=2742"}],"curies":[{"name":"wp","href":"https:\/\/api.w.org\/{rel}","templated":true}]}}