{"id":2683,"date":"2025-08-19T14:14:27","date_gmt":"2025-08-19T14:14:27","guid":{"rendered":"https:\/\/www.munsch-kunststoff-schweisstechnik.de\/product\/campana-de-prueba-k06913\/"},"modified":"2025-10-01T07:31:58","modified_gmt":"2025-10-01T07:31:58","slug":"campana-de-prueba-k06913","status":"publish","type":"product","link":"https:\/\/www.munsch-kunststoff-schweisstechnik.de\/es\/producto\/campana-de-prueba-k06913\/","title":{"rendered":"Campana de prueba K06913"},"content":{"rendered":"<div class=\"wpb-content-wrapper\"><p>[vc_row][vc_column][vc_column_text uncode_shortcode_id=\u00bb583742&#8243;]<\/p>\n<h4>Realizamos entregas gratuitas:<\/h4>\n<ul>\n<li>Campana de prueba<\/li>\n<li>Man\u00f3metro<\/li>\n<li>Manguera de aire comprimido<\/li>\n<\/ul>\n<p>[\/vc_column_text][\/vc_column][\/vc_row]<\/p>\n<\/div>","protected":false},"excerpt":{"rendered":"<p>Con nuestro punz\u00f3n para muestras, puedes obtener tu muestra del cord\u00f3n de soldadura r\u00e1pidamente y con poco esfuerzo.<\/p>\n<p><strong>K05784<\/strong><\/p>\n<ul>\n<li><strong>F\u00e1cil manejo<\/strong><\/li>\n<li><strong>Varios cabezales de corte con diferentes contornos disponibles bajo pedido<\/strong><\/li>\n<li><strong>Se puede utilizar con 110 voltios y 220 voltios<\/strong><\/li>\n<\/ul>\n<p><strong>K06913<\/strong><\/p>\n<ul>\n<li><strong>Posibilidad de prueba de fugas puntual<\/strong><\/li>\n<li><strong>Para pruebas seg\u00fan DVS 2225-4<\/strong><\/li>\n<li><strong>Incluye man\u00f3metro y manguera de aire comprimido<\/strong><\/li>\n<li><strong>Para conexi\u00f3n a compresores est\u00e1ndar<\/strong><\/li>\n<\/ul>\n","protected":false},"featured_media":1560,"comment_status":"closed","ping_status":"closed","template":"","meta":{"_acf_changed":false,"_joinchat":[]},"product_brand":[],"product_cat":[253],"product_tag":[],"class_list":{"0":"post-2683","1":"product","2":"type-product","3":"status-publish","4":"has-post-thumbnail","6":"product_cat-accesorios","8":"first","9":"instock","10":"taxable","11":"shipping-taxable","12":"product-type-simple"},"acf":[],"_links":{"self":[{"href":"https:\/\/www.munsch-kunststoff-schweisstechnik.de\/es\/wp-json\/wp\/v2\/product\/2683","targetHints":{"allow":["GET"]}}],"collection":[{"href":"https:\/\/www.munsch-kunststoff-schweisstechnik.de\/es\/wp-json\/wp\/v2\/product"}],"about":[{"href":"https:\/\/www.munsch-kunststoff-schweisstechnik.de\/es\/wp-json\/wp\/v2\/types\/product"}],"replies":[{"embeddable":true,"href":"https:\/\/www.munsch-kunststoff-schweisstechnik.de\/es\/wp-json\/wp\/v2\/comments?post=2683"}],"wp:featuredmedia":[{"embeddable":true,"href":"https:\/\/www.munsch-kunststoff-schweisstechnik.de\/es\/wp-json\/wp\/v2\/media\/1560"}],"wp:attachment":[{"href":"https:\/\/www.munsch-kunststoff-schweisstechnik.de\/es\/wp-json\/wp\/v2\/media?parent=2683"}],"wp:term":[{"taxonomy":"product_brand","embeddable":true,"href":"https:\/\/www.munsch-kunststoff-schweisstechnik.de\/es\/wp-json\/wp\/v2\/product_brand?post=2683"},{"taxonomy":"product_cat","embeddable":true,"href":"https:\/\/www.munsch-kunststoff-schweisstechnik.de\/es\/wp-json\/wp\/v2\/product_cat?post=2683"},{"taxonomy":"product_tag","embeddable":true,"href":"https:\/\/www.munsch-kunststoff-schweisstechnik.de\/es\/wp-json\/wp\/v2\/product_tag?post=2683"}],"curies":[{"name":"wp","href":"https:\/\/api.w.org\/{rel}","templated":true}]}}