{"id":2651,"date":"2025-08-19T13:00:40","date_gmt":"2025-08-19T13:00:40","guid":{"rendered":"https:\/\/www.munsch-kunststoff-schweisstechnik.de\/product\/comprobador-de-chispas\/"},"modified":"2025-08-19T13:00:40","modified_gmt":"2025-08-19T13:00:40","slug":"comprobador-de-chispas","status":"publish","type":"product","link":"https:\/\/www.munsch-kunststoff-schweisstechnik.de\/es\/producto\/comprobador-de-chispas\/","title":{"rendered":"Comprobador de chispas"},"content":{"rendered":"","protected":false},"excerpt":{"rendered":"<p>Con esta peque\u00f1a herramienta auxiliar, puedes tirar f\u00e1cilmente de la l\u00e1mina a sellar para colocarla en su posici\u00f3n. Se acab\u00f3 el deslizamiento manual. Este dispositivo se clava firmemente en la l\u00e1mina.  <\/p>\n<ul>\n<li><strong>F\u00e1cil manejo<\/strong><\/li>\n<li><strong>Sujeci\u00f3n autom\u00e1tica del material por fuerza de resorte<\/strong><\/li>\n<\/ul>\n","protected":false},"featured_media":1509,"comment_status":"closed","ping_status":"closed","template":"","meta":{"_acf_changed":false,"_joinchat":[]},"product_brand":[],"product_cat":[253],"product_tag":[],"class_list":{"0":"post-2651","1":"product","2":"type-product","3":"status-publish","4":"has-post-thumbnail","6":"product_cat-accesorios","8":"first","9":"instock","10":"taxable","11":"shipping-taxable","12":"product-type-simple"},"acf":[],"_links":{"self":[{"href":"https:\/\/www.munsch-kunststoff-schweisstechnik.de\/es\/wp-json\/wp\/v2\/product\/2651","targetHints":{"allow":["GET"]}}],"collection":[{"href":"https:\/\/www.munsch-kunststoff-schweisstechnik.de\/es\/wp-json\/wp\/v2\/product"}],"about":[{"href":"https:\/\/www.munsch-kunststoff-schweisstechnik.de\/es\/wp-json\/wp\/v2\/types\/product"}],"replies":[{"embeddable":true,"href":"https:\/\/www.munsch-kunststoff-schweisstechnik.de\/es\/wp-json\/wp\/v2\/comments?post=2651"}],"wp:featuredmedia":[{"embeddable":true,"href":"https:\/\/www.munsch-kunststoff-schweisstechnik.de\/es\/wp-json\/wp\/v2\/media\/1509"}],"wp:attachment":[{"href":"https:\/\/www.munsch-kunststoff-schweisstechnik.de\/es\/wp-json\/wp\/v2\/media?parent=2651"}],"wp:term":[{"taxonomy":"product_brand","embeddable":true,"href":"https:\/\/www.munsch-kunststoff-schweisstechnik.de\/es\/wp-json\/wp\/v2\/product_brand?post=2651"},{"taxonomy":"product_cat","embeddable":true,"href":"https:\/\/www.munsch-kunststoff-schweisstechnik.de\/es\/wp-json\/wp\/v2\/product_cat?post=2651"},{"taxonomy":"product_tag","embeddable":true,"href":"https:\/\/www.munsch-kunststoff-schweisstechnik.de\/es\/wp-json\/wp\/v2\/product_tag?post=2651"}],"curies":[{"name":"wp","href":"https:\/\/api.w.org\/{rel}","templated":true}]}}